{"id":2913,"date":"2024-10-07T18:29:58","date_gmt":"2024-10-07T16:29:58","guid":{"rendered":"https:\/\/www.hablaarquitectura.com\/?page_id=2913"},"modified":"2025-02-04T10:44:50","modified_gmt":"2025-02-04T09:44:50","slug":"architecture-project-casa-moran","status":"publish","type":"page","link":"https:\/\/www.hablaarquitectura.com\/en\/architecture-project-casa-moran\/","title":{"rendered":"Architecture Project Casa Mor\u00e1n"},"content":{"rendered":"\t\t<div data-elementor-type=\"wp-page\" data-elementor-id=\"2913\" class=\"elementor elementor-2913 elementor-1207\" data-elementor-post-type=\"page\">\n\t\t\t\t\t\t<section data-particle_enable=\"false\" data-particle-mobile-disabled=\"false\" class=\"elementor-section elementor-top-section elementor-element elementor-element-4f46f59 elementor-section-boxed elementor-section-height-default elementor-section-height-default\" data-id=\"4f46f59\" data-element_type=\"section\" data-settings=\"{&quot;background_background&quot;:&quot;classic&quot;}\">\n\t\t\t\t\t\t\t<div class=\"elementor-background-overlay\"><\/div>\n\t\t\t\t\t\t\t<div class=\"elementor-container elementor-column-gap-default\">\n\t\t\t\t\t<div class=\"elementor-column elementor-col-100 elementor-top-column elementor-element elementor-element-2ede28c\" data-id=\"2ede28c\" data-element_type=\"column\">\n\t\t\t<div class=\"elementor-widget-wrap elementor-element-populated\">\n\t\t\t\t\t\t<div class=\"elementor-element elementor-element-4c4a185 elementor-widget elementor-widget-heading\" data-id=\"4c4a185\" data-element_type=\"widget\" data-widget_type=\"heading.default\">\n\t\t\t\t<div class=\"elementor-widget-container\">\n\t\t\t<h1 class=\"elementor-heading-title elementor-size-default\">Casa Mor\u00e1n<\/h1>\t\t<\/div>\n\t\t\t\t<\/div>\n\t\t\t\t\t<\/div>\n\t\t<\/div>\n\t\t\t\t\t<\/div>\n\t\t<\/section>\n\t\t<div data-particle_enable=\"false\" data-particle-mobile-disabled=\"false\" class=\"elementor-element elementor-element-6faeea2 e-flex e-con-boxed e-con e-parent\" data-id=\"6faeea2\" data-element_type=\"container\">\n\t\t\t\t\t<div class=\"e-con-inner\">\n\t\t<div data-particle_enable=\"false\" data-particle-mobile-disabled=\"false\" class=\"elementor-element elementor-element-4d3a51f e-con-full e-flex e-con e-child\" data-id=\"4d3a51f\" data-element_type=\"container\">\n\t\t\t\t<div class=\"elementor-element elementor-element-02d0c68 elementor-widget elementor-widget-heading\" data-id=\"02d0c68\" data-element_type=\"widget\" data-widget_type=\"heading.default\">\n\t\t\t\t<div class=\"elementor-widget-container\">\n\t\t\t<p class=\"elementor-heading-title elementor-size-default\">Casa Mor\u00e1n<\/p>\t\t<\/div>\n\t\t\t\t<\/div>\n\t\t\t\t<div class=\"elementor-element elementor-element-7c6d271 elementor-widget-divider--view-line elementor-widget elementor-widget-divider\" data-id=\"7c6d271\" data-element_type=\"widget\" data-widget_type=\"divider.default\">\n\t\t\t\t<div class=\"elementor-widget-container\">\n\t\t\t\t\t<div class=\"elementor-divider\">\n\t\t\t<span class=\"elementor-divider-separator\">\n\t\t\t\t\t\t<\/span>\n\t\t<\/div>\n\t\t\t\t<\/div>\n\t\t\t\t<\/div>\n\t\t\t\t<div class=\"elementor-element elementor-element-cfd2751 icon-custom-cntrlz elementor-icon-list--layout-traditional elementor-list-item-link-full_width elementor-widget elementor-widget-icon-list\" data-id=\"cfd2751\" data-element_type=\"widget\" data-widget_type=\"icon-list.default\">\n\t\t\t\t<div class=\"elementor-widget-container\">\n\t\t\t\t\t<ul class=\"elementor-icon-list-items\">\n\t\t\t\t\t\t\t<li class=\"elementor-icon-list-item\">\n\t\t\t\t\t\t\t\t\t\t\t<span class=\"elementor-icon-list-icon\">\n\t\t\t\t\t\t\t<svg aria-hidden=\"true\" class=\"e-font-icon-svg e-fas-bookmark\" viewBox=\"0 0 384 512\" xmlns=\"http:\/\/www.w3.org\/2000\/svg\"><path d=\"M0 512V48C0 21.49 21.49 0 48 0h288c26.51 0 48 21.49 48 48v464L192 400 0 512z\"><\/path><\/svg>\t\t\t\t\t\t<\/span>\n\t\t\t\t\t\t\t\t\t\t<span class=\"elementor-icon-list-text\">Project for a single-family house on a corner and project and construction management.<\/span>\n\t\t\t\t\t\t\t\t\t<\/li>\n\t\t\t\t\t\t\t\t<li class=\"elementor-icon-list-item\">\n\t\t\t\t\t\t\t\t\t\t\t<span class=\"elementor-icon-list-icon\">\n\t\t\t\t\t\t\t<svg aria-hidden=\"true\" class=\"e-font-icon-svg e-fas-pencil-ruler\" viewBox=\"0 0 512 512\" xmlns=\"http:\/\/www.w3.org\/2000\/svg\"><path d=\"M109.46 244.04l134.58-134.56-44.12-44.12-61.68 61.68a7.919 7.919 0 0 1-11.21 0l-11.21-11.21c-3.1-3.1-3.1-8.12 0-11.21l61.68-61.68-33.64-33.65C131.47-3.1 111.39-3.1 99 9.29L9.29 99c-12.38 12.39-12.39 32.47 0 44.86l100.17 100.18zm388.47-116.8c18.76-18.76 18.75-49.17 0-67.93l-45.25-45.25c-18.76-18.76-49.18-18.76-67.95 0l-46.02 46.01 113.2 113.2 46.02-46.03zM316.08 82.71l-297 296.96L.32 487.11c-2.53 14.49 10.09 27.11 24.59 24.56l107.45-18.84L429.28 195.9 316.08 82.71zm186.63 285.43l-33.64-33.64-61.68 61.68c-3.1 3.1-8.12 3.1-11.21 0l-11.21-11.21c-3.09-3.1-3.09-8.12 0-11.21l61.68-61.68-44.14-44.14L267.93 402.5l100.21 100.2c12.39 12.39 32.47 12.39 44.86 0l89.71-89.7c12.39-12.39 12.39-32.47 0-44.86z\"><\/path><\/svg>\t\t\t\t\t\t<\/span>\n\t\t\t\t\t\t\t\t\t\t<span class=\"elementor-icon-list-text\">Surface area 392 m\u00b2<\/span>\n\t\t\t\t\t\t\t\t\t<\/li>\n\t\t\t\t\t\t\t\t<li class=\"elementor-icon-list-item\">\n\t\t\t\t\t\t\t\t\t\t\t<span class=\"elementor-icon-list-icon\">\n\t\t\t\t\t\t\t<svg aria-hidden=\"true\" class=\"e-font-icon-svg e-fas-map-marker-alt\" viewBox=\"0 0 384 512\" xmlns=\"http:\/\/www.w3.org\/2000\/svg\"><path d=\"M172.268 501.67C26.97 291.031 0 269.413 0 192 0 85.961 85.961 0 192 0s192 85.961 192 192c0 77.413-26.97 99.031-172.268 309.67-9.535 13.774-29.93 13.773-39.464 0zM192 272c44.183 0 80-35.817 80-80s-35.817-80-80-80-80 35.817-80 80 35.817 80 80 80z\"><\/path><\/svg>\t\t\t\t\t\t<\/span>\n\t\t\t\t\t\t\t\t\t\t<span class=\"elementor-icon-list-text\">Villafranca de los Barros (Badajoz)<\/span>\n\t\t\t\t\t\t\t\t\t<\/li>\n\t\t\t\t\t\t\t\t<li class=\"elementor-icon-list-item\">\n\t\t\t\t\t\t\t\t\t\t\t<span class=\"elementor-icon-list-icon\">\n\t\t\t\t\t\t\t<i aria-hidden=\"true\" class=\"jki jki-calendar-page-empty-light\"><\/i>\t\t\t\t\t\t<\/span>\n\t\t\t\t\t\t\t\t\t\t<span class=\"elementor-icon-list-text\">2022<\/span>\n\t\t\t\t\t\t\t\t\t<\/li>\n\t\t\t\t\t\t<\/ul>\n\t\t\t\t<\/div>\n\t\t\t\t<\/div>\n\t\t\t\t<div class=\"elementor-element elementor-element-6d61c37 elementor-widget elementor-widget-text-editor\" data-id=\"6d61c37\" data-element_type=\"widget\" data-widget_type=\"text-editor.default\">\n\t\t\t\t<div class=\"elementor-widget-container\">\n\t\t\t\t\t\t\t<p>Detached house located on a corner plot. This project is distributed in several volumes of one and two floors, with a design of simple lines that combines stone and white, achieving an elegant and contemporary aesthetic. The house is oriented towards the inner courtyard, creating an intimate and welcoming space. One of the most outstanding elements is the staircase, designed with care to enhance its prominence in the home. With wood as the main material, the staircase seems to float on a bed of gravel.<\/p>\t\t\t\t\t\t<\/div>\n\t\t\t\t<\/div>\n\t\t\t\t<\/div>\n\t\t<div data-particle_enable=\"false\" data-particle-mobile-disabled=\"false\" class=\"elementor-element elementor-element-7d09aba e-con-full e-flex e-con e-child\" data-id=\"7d09aba\" data-element_type=\"container\">\n\t\t\t\t<div class=\"elementor-element elementor-element-3baec93 elementor-skin-carousel elementor-widget elementor-widget-media-carousel\" data-id=\"3baec93\" data-element_type=\"widget\" data-settings=\"{&quot;slides_per_view&quot;:&quot;3&quot;,&quot;skin&quot;:&quot;carousel&quot;,&quot;effect&quot;:&quot;slide&quot;,&quot;speed&quot;:500,&quot;autoplay&quot;:&quot;yes&quot;,&quot;autoplay_speed&quot;:5000,&quot;loop&quot;:&quot;yes&quot;,&quot;pause_on_hover&quot;:&quot;yes&quot;,&quot;pause_on_interaction&quot;:&quot;yes&quot;,&quot;space_between&quot;:{&quot;unit&quot;:&quot;px&quot;,&quot;size&quot;:10,&quot;sizes&quot;:[]},&quot;space_between_tablet&quot;:{&quot;unit&quot;:&quot;px&quot;,&quot;size&quot;:10,&quot;sizes&quot;:[]},&quot;space_between_mobile&quot;:{&quot;unit&quot;:&quot;px&quot;,&quot;size&quot;:10,&quot;sizes&quot;:[]}}\" data-widget_type=\"media-carousel.default\">\n\t\t\t\t<div class=\"elementor-widget-container\">\n\t\t\t\t\t<div class=\"elementor-swiper\">\n\t\t\t<div class=\"elementor-main-swiper swiper\">\n\t\t\t\t<div class=\"swiper-wrapper\">\n\t\t\t\t\t\t\t\t\t\t\t<div class=\"swiper-slide\">\n\t\t\t\t\t\t\t<a href=\"https:\/\/www.hablaarquitectura.com\/wp-content\/uploads\/2024\/10\/Casa-Moran-01.webp\" data-elementor-open-lightbox=\"yes\" data-elementor-lightbox-slideshow=\"3baec93\" data-elementor-lightbox-title=\"Casa Moran 01\" data-e-action-hash=\"#elementor-action%3Aaction%3Dlightbox%26settings%3DeyJpZCI6MTIxMCwidXJsIjoiaHR0cHM6XC9cL3d3dy5oYWJsYWFycXVpdGVjdHVyYS5jb21cL3dwLWNvbnRlbnRcL3VwbG9hZHNcLzIwMjRcLzEwXC9DYXNhLU1vcmFuLTAxLndlYnAiLCJzbGlkZXNob3ciOiIzYmFlYzkzIn0%3D\">\t\t<div class=\"elementor-carousel-image\" role=\"img\" aria-label=\"Casa Moran 01\" style=\"background-image: url(&#039;https:\/\/www.hablaarquitectura.com\/wp-content\/uploads\/2024\/10\/Casa-Moran-01.webp&#039;)\">\n\n\t\t\t\n\t\t\t\t\t<\/div>\n\t\t<\/a>\t\t\t\t\t\t<\/div>\n\t\t\t\t\t\t\t\t\t\t\t<div class=\"swiper-slide\">\n\t\t\t\t\t\t\t<a href=\"https:\/\/www.hablaarquitectura.com\/wp-content\/uploads\/2024\/10\/Casa-Moran-02.webp\" data-elementor-open-lightbox=\"yes\" data-elementor-lightbox-slideshow=\"3baec93\" data-elementor-lightbox-title=\"Casa Moran 02\" data-e-action-hash=\"#elementor-action%3Aaction%3Dlightbox%26settings%3DeyJpZCI6MTIxMSwidXJsIjoiaHR0cHM6XC9cL3d3dy5oYWJsYWFycXVpdGVjdHVyYS5jb21cL3dwLWNvbnRlbnRcL3VwbG9hZHNcLzIwMjRcLzEwXC9DYXNhLU1vcmFuLTAyLndlYnAiLCJzbGlkZXNob3ciOiIzYmFlYzkzIn0%3D\">\t\t<div class=\"elementor-carousel-image\" role=\"img\" aria-label=\"Casa Moran 02\" style=\"background-image: url(&#039;https:\/\/www.hablaarquitectura.com\/wp-content\/uploads\/2024\/10\/Casa-Moran-02.webp&#039;)\">\n\n\t\t\t\n\t\t\t\t\t<\/div>\n\t\t<\/a>\t\t\t\t\t\t<\/div>\n\t\t\t\t\t\t\t\t\t\t\t<div class=\"swiper-slide\">\n\t\t\t\t\t\t\t<a href=\"https:\/\/www.hablaarquitectura.com\/wp-content\/uploads\/2024\/10\/Casa-Moran-03.webp\" data-elementor-open-lightbox=\"yes\" data-elementor-lightbox-slideshow=\"3baec93\" data-elementor-lightbox-title=\"Casa Moran 03\" data-e-action-hash=\"#elementor-action%3Aaction%3Dlightbox%26settings%3DeyJpZCI6MTIxMiwidXJsIjoiaHR0cHM6XC9cL3d3dy5oYWJsYWFycXVpdGVjdHVyYS5jb21cL3dwLWNvbnRlbnRcL3VwbG9hZHNcLzIwMjRcLzEwXC9DYXNhLU1vcmFuLTAzLndlYnAiLCJzbGlkZXNob3ciOiIzYmFlYzkzIn0%3D\">\t\t<div class=\"elementor-carousel-image\" role=\"img\" aria-label=\"Casa Moran 03\" style=\"background-image: url(&#039;https:\/\/www.hablaarquitectura.com\/wp-content\/uploads\/2024\/10\/Casa-Moran-03.webp&#039;)\">\n\n\t\t\t\n\t\t\t\t\t<\/div>\n\t\t<\/a>\t\t\t\t\t\t<\/div>\n\t\t\t\t\t\t\t\t\t\t\t<div class=\"swiper-slide\">\n\t\t\t\t\t\t\t<a href=\"https:\/\/www.hablaarquitectura.com\/wp-content\/uploads\/2024\/10\/Casa-Moran-04.webp\" data-elementor-open-lightbox=\"yes\" data-elementor-lightbox-slideshow=\"3baec93\" data-elementor-lightbox-title=\"Casa Moran 04\" data-e-action-hash=\"#elementor-action%3Aaction%3Dlightbox%26settings%3DeyJpZCI6MTIxMywidXJsIjoiaHR0cHM6XC9cL3d3dy5oYWJsYWFycXVpdGVjdHVyYS5jb21cL3dwLWNvbnRlbnRcL3VwbG9hZHNcLzIwMjRcLzEwXC9DYXNhLU1vcmFuLTA0LndlYnAiLCJzbGlkZXNob3ciOiIzYmFlYzkzIn0%3D\">\t\t<div class=\"elementor-carousel-image\" role=\"img\" aria-label=\"Casa Moran 04\" style=\"background-image: url(&#039;https:\/\/www.hablaarquitectura.com\/wp-content\/uploads\/2024\/10\/Casa-Moran-04.webp&#039;)\">\n\n\t\t\t\n\t\t\t\t\t<\/div>\n\t\t<\/a>\t\t\t\t\t\t<\/div>\n\t\t\t\t\t\t\t\t\t\t\t<div class=\"swiper-slide\">\n\t\t\t\t\t\t\t<a href=\"https:\/\/www.hablaarquitectura.com\/wp-content\/uploads\/2024\/10\/Casa-Moran-05.webp\" data-elementor-open-lightbox=\"yes\" data-elementor-lightbox-slideshow=\"3baec93\" data-elementor-lightbox-title=\"Casa Moran 05\" data-e-action-hash=\"#elementor-action%3Aaction%3Dlightbox%26settings%3DeyJpZCI6MTIxNCwidXJsIjoiaHR0cHM6XC9cL3d3dy5oYWJsYWFycXVpdGVjdHVyYS5jb21cL3dwLWNvbnRlbnRcL3VwbG9hZHNcLzIwMjRcLzEwXC9DYXNhLU1vcmFuLTA1LndlYnAiLCJzbGlkZXNob3ciOiIzYmFlYzkzIn0%3D\">\t\t<div class=\"elementor-carousel-image\" role=\"img\" aria-label=\"Casa Moran 05\" style=\"background-image: url(&#039;https:\/\/www.hablaarquitectura.com\/wp-content\/uploads\/2024\/10\/Casa-Moran-05.webp&#039;)\">\n\n\t\t\t\n\t\t\t\t\t<\/div>\n\t\t<\/a>\t\t\t\t\t\t<\/div>\n\t\t\t\t\t\t\t\t\t<\/div>\n\t\t\t\t\t\t\t\t\t\t\t\t\t\t\t\t\t\t\t\t\t<\/div>\n\t\t<\/div>\n\t\t\t\t<\/div>\n\t\t\t\t<\/div>\n\t\t\t\t<div class=\"elementor-element elementor-element-6341386 elementor-skin-carousel elementor-widget elementor-widget-media-carousel\" data-id=\"6341386\" data-element_type=\"widget\" data-settings=\"{&quot;slides_per_view&quot;:&quot;3&quot;,&quot;skin&quot;:&quot;carousel&quot;,&quot;effect&quot;:&quot;slide&quot;,&quot;speed&quot;:500,&quot;autoplay&quot;:&quot;yes&quot;,&quot;autoplay_speed&quot;:5000,&quot;loop&quot;:&quot;yes&quot;,&quot;pause_on_hover&quot;:&quot;yes&quot;,&quot;pause_on_interaction&quot;:&quot;yes&quot;,&quot;space_between&quot;:{&quot;unit&quot;:&quot;px&quot;,&quot;size&quot;:10,&quot;sizes&quot;:[]},&quot;space_between_tablet&quot;:{&quot;unit&quot;:&quot;px&quot;,&quot;size&quot;:10,&quot;sizes&quot;:[]},&quot;space_between_mobile&quot;:{&quot;unit&quot;:&quot;px&quot;,&quot;size&quot;:10,&quot;sizes&quot;:[]}}\" data-widget_type=\"media-carousel.default\">\n\t\t\t\t<div class=\"elementor-widget-container\">\n\t\t\t\t\t<div class=\"elementor-swiper\">\n\t\t\t<div class=\"elementor-main-swiper swiper\">\n\t\t\t\t<div class=\"swiper-wrapper\">\n\t\t\t\t\t\t\t\t\t\t\t<div class=\"swiper-slide\">\n\t\t\t\t\t\t\t<a href=\"https:\/\/www.hablaarquitectura.com\/wp-content\/uploads\/2024\/10\/Casa-Moran-06.webp\" data-elementor-open-lightbox=\"yes\" data-elementor-lightbox-slideshow=\"6341386\" data-elementor-lightbox-title=\"Casa Moran 06\" data-e-action-hash=\"#elementor-action%3Aaction%3Dlightbox%26settings%3DeyJpZCI6MTIxNSwidXJsIjoiaHR0cHM6XC9cL3d3dy5oYWJsYWFycXVpdGVjdHVyYS5jb21cL3dwLWNvbnRlbnRcL3VwbG9hZHNcLzIwMjRcLzEwXC9DYXNhLU1vcmFuLTA2LndlYnAiLCJzbGlkZXNob3ciOiI2MzQxMzg2In0%3D\">\t\t<div class=\"elementor-carousel-image\" role=\"img\" aria-label=\"Casa Moran 06\" style=\"background-image: url(&#039;https:\/\/www.hablaarquitectura.com\/wp-content\/uploads\/2024\/10\/Casa-Moran-06.webp&#039;)\">\n\n\t\t\t\n\t\t\t\t\t<\/div>\n\t\t<\/a>\t\t\t\t\t\t<\/div>\n\t\t\t\t\t\t\t\t\t\t\t<div class=\"swiper-slide\">\n\t\t\t\t\t\t\t<a href=\"https:\/\/www.hablaarquitectura.com\/wp-content\/uploads\/2024\/10\/Casa-Moran-07.webp\" data-elementor-open-lightbox=\"yes\" data-elementor-lightbox-slideshow=\"6341386\" data-elementor-lightbox-title=\"Casa Moran 07\" data-e-action-hash=\"#elementor-action%3Aaction%3Dlightbox%26settings%3DeyJpZCI6MTIxNiwidXJsIjoiaHR0cHM6XC9cL3d3dy5oYWJsYWFycXVpdGVjdHVyYS5jb21cL3dwLWNvbnRlbnRcL3VwbG9hZHNcLzIwMjRcLzEwXC9DYXNhLU1vcmFuLTA3LndlYnAiLCJzbGlkZXNob3ciOiI2MzQxMzg2In0%3D\">\t\t<div class=\"elementor-carousel-image\" role=\"img\" aria-label=\"Casa Moran 07\" style=\"background-image: url(&#039;https:\/\/www.hablaarquitectura.com\/wp-content\/uploads\/2024\/10\/Casa-Moran-07.webp&#039;)\">\n\n\t\t\t\n\t\t\t\t\t<\/div>\n\t\t<\/a>\t\t\t\t\t\t<\/div>\n\t\t\t\t\t\t\t\t\t\t\t<div class=\"swiper-slide\">\n\t\t\t\t\t\t\t<a href=\"https:\/\/www.hablaarquitectura.com\/wp-content\/uploads\/2024\/10\/Casa-Moran-08.webp\" data-elementor-open-lightbox=\"yes\" data-elementor-lightbox-slideshow=\"6341386\" data-elementor-lightbox-title=\"Casa Moran 08\" data-e-action-hash=\"#elementor-action%3Aaction%3Dlightbox%26settings%3DeyJpZCI6MTIxNywidXJsIjoiaHR0cHM6XC9cL3d3dy5oYWJsYWFycXVpdGVjdHVyYS5jb21cL3dwLWNvbnRlbnRcL3VwbG9hZHNcLzIwMjRcLzEwXC9DYXNhLU1vcmFuLTA4LndlYnAiLCJzbGlkZXNob3ciOiI2MzQxMzg2In0%3D\">\t\t<div class=\"elementor-carousel-image\" role=\"img\" aria-label=\"Casa Moran 08\" style=\"background-image: url(&#039;https:\/\/www.hablaarquitectura.com\/wp-content\/uploads\/2024\/10\/Casa-Moran-08.webp&#039;)\">\n\n\t\t\t\n\t\t\t\t\t<\/div>\n\t\t<\/a>\t\t\t\t\t\t<\/div>\n\t\t\t\t\t\t\t\t\t\t\t<div class=\"swiper-slide\">\n\t\t\t\t\t\t\t<a href=\"https:\/\/www.hablaarquitectura.com\/wp-content\/uploads\/2024\/10\/Casa-Moran-09.webp\" data-elementor-open-lightbox=\"yes\" data-elementor-lightbox-slideshow=\"6341386\" data-elementor-lightbox-title=\"Casa Moran 09\" data-e-action-hash=\"#elementor-action%3Aaction%3Dlightbox%26settings%3DeyJpZCI6MTIxOCwidXJsIjoiaHR0cHM6XC9cL3d3dy5oYWJsYWFycXVpdGVjdHVyYS5jb21cL3dwLWNvbnRlbnRcL3VwbG9hZHNcLzIwMjRcLzEwXC9DYXNhLU1vcmFuLTA5LndlYnAiLCJzbGlkZXNob3ciOiI2MzQxMzg2In0%3D\">\t\t<div class=\"elementor-carousel-image\" role=\"img\" aria-label=\"Casa Moran 09\" style=\"background-image: url(&#039;https:\/\/www.hablaarquitectura.com\/wp-content\/uploads\/2024\/10\/Casa-Moran-09.webp&#039;)\">\n\n\t\t\t\n\t\t\t\t\t<\/div>\n\t\t<\/a>\t\t\t\t\t\t<\/div>\n\t\t\t\t\t\t\t\t\t\t\t<div class=\"swiper-slide\">\n\t\t\t\t\t\t\t<a href=\"https:\/\/www.hablaarquitectura.com\/wp-content\/uploads\/2024\/10\/Casa-Moran-10.webp\" data-elementor-open-lightbox=\"yes\" data-elementor-lightbox-slideshow=\"6341386\" data-elementor-lightbox-title=\"Casa Moran 10\" data-e-action-hash=\"#elementor-action%3Aaction%3Dlightbox%26settings%3DeyJpZCI6MTIxOSwidXJsIjoiaHR0cHM6XC9cL3d3dy5oYWJsYWFycXVpdGVjdHVyYS5jb21cL3dwLWNvbnRlbnRcL3VwbG9hZHNcLzIwMjRcLzEwXC9DYXNhLU1vcmFuLTEwLndlYnAiLCJzbGlkZXNob3ciOiI2MzQxMzg2In0%3D\">\t\t<div class=\"elementor-carousel-image\" role=\"img\" aria-label=\"Casa Moran 10\" style=\"background-image: url(&#039;https:\/\/www.hablaarquitectura.com\/wp-content\/uploads\/2024\/10\/Casa-Moran-10.webp&#039;)\">\n\n\t\t\t\n\t\t\t\t\t<\/div>\n\t\t<\/a>\t\t\t\t\t\t<\/div>\n\t\t\t\t\t\t\t\t\t<\/div>\n\t\t\t\t\t\t\t\t\t\t\t\t\t\t\t\t\t\t\t\t\t<\/div>\n\t\t<\/div>\n\t\t\t\t<\/div>\n\t\t\t\t<\/div>\n\t\t\t\t<\/div>\n\t\t\t\t\t<\/div>\n\t\t\t\t<\/div>\n\t\t\t\t<\/div>\n\t\t","protected":false},"excerpt":{"rendered":"<p>Casa Mor\u00e1n Casa Mor\u00e1n Project for a single-family house on a corner and project and construction management. Surface area 392 m\u00b2 Villafranca de los Barros (Badajoz) 2022 Detached house located on a corner plot. This project is distributed in several volumes of one and two floors, with a design of simple lines that combines stone [&hellip;]<\/p>\n","protected":false},"author":1,"featured_media":0,"parent":0,"menu_order":0,"comment_status":"closed","ping_status":"closed","template":"elementor_header_footer","meta":{"_joinchat":[],"footnotes":""},"class_list":["post-2913","page","type-page","status-publish","hentry"],"yoast_head":"<!-- This site is optimized with the Yoast SEO Premium plugin v22.4 (Yoast SEO v23.2) - https:\/\/yoast.com\/wordpress\/plugins\/seo\/ -->\n<title>Architecture Project Casa Mor\u00e1n - Habla Arquitectura<\/title>\n<meta name=\"robots\" content=\"index, follow, max-snippet:-1, max-image-preview:large, max-video-preview:-1\" \/>\n<link rel=\"canonical\" href=\"https:\/\/www.hablaarquitectura.com\/en\/architecture-project-casa-moran\/\" \/>\n<meta property=\"og:locale\" content=\"en_US\" \/>\n<meta property=\"og:type\" content=\"article\" \/>\n<meta property=\"og:title\" content=\"Architecture Project Casa Mor\u00e1n\" \/>\n<meta property=\"og:description\" content=\"Casa Mor\u00e1n Casa Mor\u00e1n Project for a single-family house on a corner and project and construction management. Surface area 392 m\u00b2 Villafranca de los Barros (Badajoz) 2022 Detached house located on a corner plot. This project is distributed in several volumes of one and two floors, with a design of simple lines that combines stone [&hellip;]\" \/>\n<meta property=\"og:url\" content=\"https:\/\/www.hablaarquitectura.com\/en\/architecture-project-casa-moran\/\" \/>\n<meta property=\"og:site_name\" content=\"Habla Arquitectura\" \/>\n<meta property=\"article:modified_time\" content=\"2025-02-04T09:44:50+00:00\" \/>\n<meta property=\"og:image\" content=\"https:\/\/www.hablaarquitectura.com\/wp-content\/uploads\/2024\/11\/habla-arquitectura-redes-portada.webp\" \/>\n\t<meta property=\"og:image:width\" content=\"1200\" \/>\n\t<meta property=\"og:image:height\" content=\"675\" \/>\n\t<meta property=\"og:image:type\" content=\"image\/webp\" \/>\n<meta name=\"twitter:card\" content=\"summary_large_image\" \/>\n<meta name=\"twitter:label1\" content=\"Est. reading time\" \/>\n\t<meta name=\"twitter:data1\" content=\"1 minute\" \/>\n<script type=\"application\/ld+json\" class=\"yoast-schema-graph\">{\"@context\":\"https:\/\/schema.org\",\"@graph\":[{\"@type\":\"WebPage\",\"@id\":\"https:\/\/www.hablaarquitectura.com\/en\/architecture-project-casa-moran\/\",\"url\":\"https:\/\/www.hablaarquitectura.com\/en\/architecture-project-casa-moran\/\",\"name\":\"Architecture Project Casa Mor\u00e1n - Habla Arquitectura\",\"isPartOf\":{\"@id\":\"https:\/\/www.hablaarquitectura.com\/en\/#website\"},\"datePublished\":\"2024-10-07T16:29:58+00:00\",\"dateModified\":\"2025-02-04T09:44:50+00:00\",\"breadcrumb\":{\"@id\":\"https:\/\/www.hablaarquitectura.com\/en\/architecture-project-casa-moran\/#breadcrumb\"},\"inLanguage\":\"en-US\",\"potentialAction\":[{\"@type\":\"ReadAction\",\"target\":[\"https:\/\/www.hablaarquitectura.com\/en\/architecture-project-casa-moran\/\"]}]},{\"@type\":\"BreadcrumbList\",\"@id\":\"https:\/\/www.hablaarquitectura.com\/en\/architecture-project-casa-moran\/#breadcrumb\",\"itemListElement\":[{\"@type\":\"ListItem\",\"position\":1,\"name\":\"Home\",\"item\":\"https:\/\/www.hablaarquitectura.com\/en\/\"},{\"@type\":\"ListItem\",\"position\":2,\"name\":\"Architecture Project Casa Mor\u00e1n\"}]},{\"@type\":\"WebSite\",\"@id\":\"https:\/\/www.hablaarquitectura.com\/en\/#website\",\"url\":\"https:\/\/www.hablaarquitectura.com\/en\/\",\"name\":\"Habla Arquitectura\",\"description\":\"Arquitectura\",\"publisher\":{\"@id\":\"https:\/\/www.hablaarquitectura.com\/en\/#organization\"},\"alternateName\":\"Grupo de Arquitectos en M\u00e1laga y C\u00f3rdoba\",\"potentialAction\":[{\"@type\":\"SearchAction\",\"target\":{\"@type\":\"EntryPoint\",\"urlTemplate\":\"https:\/\/www.hablaarquitectura.com\/en\/?s={search_term_string}\"},\"query-input\":\"required name=search_term_string\"}],\"inLanguage\":\"en-US\"},{\"@type\":\"Organization\",\"@id\":\"https:\/\/www.hablaarquitectura.com\/en\/#organization\",\"name\":\"Habla Arquitectura\",\"alternateName\":\"Arquitectos en M\u00e1laga y C\u00f3rdoba\",\"url\":\"https:\/\/www.hablaarquitectura.com\/en\/\",\"logo\":{\"@type\":\"ImageObject\",\"inLanguage\":\"en-US\",\"@id\":\"https:\/\/www.hablaarquitectura.com\/en\/#\/schema\/logo\/image\/\",\"url\":\"https:\/\/www.hablaarquitectura.com\/wp-content\/uploads\/2024\/09\/cropped-logotipo-habla-arquitectura.webp\",\"contentUrl\":\"https:\/\/www.hablaarquitectura.com\/wp-content\/uploads\/2024\/09\/cropped-logotipo-habla-arquitectura.webp\",\"width\":400,\"height\":149,\"caption\":\"Habla Arquitectura\"},\"image\":{\"@id\":\"https:\/\/www.hablaarquitectura.com\/en\/#\/schema\/logo\/image\/\"}}]}<\/script>\n<!-- \/ Yoast SEO Premium plugin. -->","yoast_head_json":{"title":"Architecture Project Casa Mor\u00e1n - Habla Arquitectura","robots":{"index":"index","follow":"follow","max-snippet":"max-snippet:-1","max-image-preview":"max-image-preview:large","max-video-preview":"max-video-preview:-1"},"canonical":"https:\/\/www.hablaarquitectura.com\/en\/architecture-project-casa-moran\/","og_locale":"en_US","og_type":"article","og_title":"Architecture Project Casa Mor\u00e1n","og_description":"Casa Mor\u00e1n Casa Mor\u00e1n Project for a single-family house on a corner and project and construction management. Surface area 392 m\u00b2 Villafranca de los Barros (Badajoz) 2022 Detached house located on a corner plot. This project is distributed in several volumes of one and two floors, with a design of simple lines that combines stone [&hellip;]","og_url":"https:\/\/www.hablaarquitectura.com\/en\/architecture-project-casa-moran\/","og_site_name":"Habla Arquitectura","article_modified_time":"2025-02-04T09:44:50+00:00","og_image":[{"width":1200,"height":675,"url":"https:\/\/www.hablaarquitectura.com\/wp-content\/uploads\/2024\/11\/habla-arquitectura-redes-portada.webp","type":"image\/webp"}],"twitter_card":"summary_large_image","twitter_misc":{"Est. reading time":"1 minute"},"schema":{"@context":"https:\/\/schema.org","@graph":[{"@type":"WebPage","@id":"https:\/\/www.hablaarquitectura.com\/en\/architecture-project-casa-moran\/","url":"https:\/\/www.hablaarquitectura.com\/en\/architecture-project-casa-moran\/","name":"Architecture Project Casa Mor\u00e1n - Habla Arquitectura","isPartOf":{"@id":"https:\/\/www.hablaarquitectura.com\/en\/#website"},"datePublished":"2024-10-07T16:29:58+00:00","dateModified":"2025-02-04T09:44:50+00:00","breadcrumb":{"@id":"https:\/\/www.hablaarquitectura.com\/en\/architecture-project-casa-moran\/#breadcrumb"},"inLanguage":"en-US","potentialAction":[{"@type":"ReadAction","target":["https:\/\/www.hablaarquitectura.com\/en\/architecture-project-casa-moran\/"]}]},{"@type":"BreadcrumbList","@id":"https:\/\/www.hablaarquitectura.com\/en\/architecture-project-casa-moran\/#breadcrumb","itemListElement":[{"@type":"ListItem","position":1,"name":"Home","item":"https:\/\/www.hablaarquitectura.com\/en\/"},{"@type":"ListItem","position":2,"name":"Architecture Project Casa Mor\u00e1n"}]},{"@type":"WebSite","@id":"https:\/\/www.hablaarquitectura.com\/en\/#website","url":"https:\/\/www.hablaarquitectura.com\/en\/","name":"Habla Arquitectura","description":"Arquitectura","publisher":{"@id":"https:\/\/www.hablaarquitectura.com\/en\/#organization"},"alternateName":"Grupo de Arquitectos en M\u00e1laga y C\u00f3rdoba","potentialAction":[{"@type":"SearchAction","target":{"@type":"EntryPoint","urlTemplate":"https:\/\/www.hablaarquitectura.com\/en\/?s={search_term_string}"},"query-input":"required name=search_term_string"}],"inLanguage":"en-US"},{"@type":"Organization","@id":"https:\/\/www.hablaarquitectura.com\/en\/#organization","name":"Habla Arquitectura","alternateName":"Arquitectos en M\u00e1laga y C\u00f3rdoba","url":"https:\/\/www.hablaarquitectura.com\/en\/","logo":{"@type":"ImageObject","inLanguage":"en-US","@id":"https:\/\/www.hablaarquitectura.com\/en\/#\/schema\/logo\/image\/","url":"https:\/\/www.hablaarquitectura.com\/wp-content\/uploads\/2024\/09\/cropped-logotipo-habla-arquitectura.webp","contentUrl":"https:\/\/www.hablaarquitectura.com\/wp-content\/uploads\/2024\/09\/cropped-logotipo-habla-arquitectura.webp","width":400,"height":149,"caption":"Habla Arquitectura"},"image":{"@id":"https:\/\/www.hablaarquitectura.com\/en\/#\/schema\/logo\/image\/"}}]}},"_links":{"self":[{"href":"https:\/\/www.hablaarquitectura.com\/en\/wp-json\/wp\/v2\/pages\/2913"}],"collection":[{"href":"https:\/\/www.hablaarquitectura.com\/en\/wp-json\/wp\/v2\/pages"}],"about":[{"href":"https:\/\/www.hablaarquitectura.com\/en\/wp-json\/wp\/v2\/types\/page"}],"author":[{"embeddable":true,"href":"https:\/\/www.hablaarquitectura.com\/en\/wp-json\/wp\/v2\/users\/1"}],"replies":[{"embeddable":true,"href":"https:\/\/www.hablaarquitectura.com\/en\/wp-json\/wp\/v2\/comments?post=2913"}],"version-history":[{"count":7,"href":"https:\/\/www.hablaarquitectura.com\/en\/wp-json\/wp\/v2\/pages\/2913\/revisions"}],"predecessor-version":[{"id":3172,"href":"https:\/\/www.hablaarquitectura.com\/en\/wp-json\/wp\/v2\/pages\/2913\/revisions\/3172"}],"wp:attachment":[{"href":"https:\/\/www.hablaarquitectura.com\/en\/wp-json\/wp\/v2\/media?parent=2913"}],"curies":[{"name":"wp","href":"https:\/\/api.w.org\/{rel}","templated":true}]}}